{"id":634,"date":"2023-05-11T03:31:48","date_gmt":"2023-05-11T03:31:48","guid":{"rendered":"https:\/\/jpllamas.spmagency.es\/?page_id=634"},"modified":"2024-04-15T12:09:35","modified_gmt":"2024-04-15T10:09:35","slug":"aviso-legal","status":"publish","type":"page","link":"https:\/\/jpllamasmecanizados.com\/en\/aviso-legal\/","title":{"rendered":"Legal Notice"},"content":{"rendered":"<div data-elementor-type=\"wp-page\" data-elementor-id=\"634\" class=\"elementor elementor-634\" data-elementor-post-type=\"page\">\n\t\t\t\t\t\t<section class=\"elementor-section elementor-top-section elementor-element elementor-element-721fb662 elementor-section-boxed elementor-section-height-default elementor-section-height-default\" data-id=\"721fb662\" data-element_type=\"section\" data-e-type=\"section\" data-settings=\"{&quot;background_background&quot;:&quot;classic&quot;,&quot;shape_divider_bottom&quot;:&quot;triangle&quot;,&quot;shape_divider_bottom_negative&quot;:&quot;yes&quot;}\">\n\t\t\t\t\t\t\t<div class=\"elementor-background-overlay\"><\/div>\n\t\t\t\t\t\t<div class=\"elementor-shape elementor-shape-bottom\" aria-hidden=\"true\" data-negative=\"true\">\n\t\t\t<svg xmlns=\"http:\/\/www.w3.org\/2000\/svg\" viewbox=\"0 0 1000 100\" preserveaspectratio=\"none\">\n\t<path class=\"elementor-shape-fill\" d=\"M500.2,94.7L0,0v100h1000V0L500.2,94.7z\"\/>\n<\/svg>\t\t<\/div>\n\t\t\t\t\t<div class=\"elementor-container elementor-column-gap-default\">\n\t\t\t\t\t<div class=\"elementor-column elementor-col-100 elementor-top-column elementor-element elementor-element-639f7f93\" data-id=\"639f7f93\" data-element_type=\"column\" data-e-type=\"column\">\n\t\t\t<div class=\"elementor-widget-wrap elementor-element-populated\">\n\t\t\t\t\t\t<div class=\"elementor-element elementor-element-733c6966 elementor-widget elementor-widget-heading\" data-id=\"733c6966\" data-element_type=\"widget\" data-e-type=\"widget\" data-widget_type=\"heading.default\">\n\t\t\t\t<div class=\"elementor-widget-container\">\n\t\t\t\t\t<h1 class=\"elementor-heading-title elementor-size-default\">Legal Notice<\/h1>\t\t\t\t<\/div>\n\t\t\t\t<\/div>\n\t\t\t\t\t<\/div>\n\t\t<\/div>\n\t\t\t\t\t<\/div>\n\t\t<\/section>\n\t\t\t\t<section class=\"elementor-section elementor-top-section elementor-element elementor-element-f1ab89d elementor-section-boxed elementor-section-height-default elementor-section-height-default\" data-id=\"f1ab89d\" data-element_type=\"section\" data-e-type=\"section\">\n\t\t\t\t\t\t<div class=\"elementor-container elementor-column-gap-default\">\n\t\t\t\t\t<div class=\"elementor-column elementor-col-100 elementor-top-column elementor-element elementor-element-abee77a\" data-id=\"abee77a\" data-element_type=\"column\" data-e-type=\"column\">\n\t\t\t<div class=\"elementor-widget-wrap elementor-element-populated\">\n\t\t\t\t\t\t<div class=\"elementor-element elementor-element-cddba8f elementor-widget elementor-widget-text-editor\" data-id=\"cddba8f\" data-element_type=\"widget\" data-e-type=\"widget\" data-widget_type=\"text-editor.default\">\n\t\t\t\t<div class=\"elementor-widget-container\">\n\t\t\t\t\t\t\t\t\t<p><strong>1. OBJETO Y ACEPTACI\u00d3N.<\/strong><\/p><p>El presente aviso legal regula el uso del sitio web jpllamasmecanizados.com, que pone a su disposici\u00f3n , provista de CIF F73837833 y con domicilio en C\/ Artes y Oficios, Nave 6 \u2013 Buz\u00f3n 6, Pol\u00edgono industrial de La Hoya, Lorca (Murcia) y direcci\u00f3n de correo electr\u00f3nico <span data-email-protect=\"kphqBlrnncocuogecpk|cfqu0eqo\"><\/span> .<\/p><p>La navegaci\u00f3n por el sitio web de JP LLAMAS MECANIZADOS, S. COOP. \u00a0atribuye la condici\u00f3n de usuario del mismo e implica la aceptaci\u00f3n plena y sin reservas de todas y cada una de las disposiciones incluidas en este aviso legal, que pueden sufrir modificaciones.<\/p><p>El usuario se obliga a hacer un uso correcto del sitio web de conformidad con las leyes, la buena fe, el orden p\u00fablico, los usos del tr\u00e1fico y el presente aviso legal. El usuario responder\u00e1 frente a JP LLAMAS MECANIZADOS, S. COOP. o frente a terceros, de cualesquiera da\u00f1os y perjuicios que pudieran causarse como consecuencia del incumplimiento de dicha obligaci\u00f3n.<\/p><p><b>2. CONDICIONES DE ACCESO Y UTILIZACI\u00d3N.<\/b><\/p><p>El sitio web y sus servicios son de acceso libre y gratuito, no obstante, JP LLAMAS MECANIZADOS, S. COOP. condiciona la utilizaci\u00f3n de algunos de los servicios ofrecidos en su web a la previa cumplimentaci\u00f3n del correspondiente formulario. El usuario garantiza la autenticidad y actualidad de todos aquellos datos que comunique a JP LLAMAS MECANIZADOS, S. COOP. y ser\u00e1 el \u00fanico responsable de manifestaciones inexactas o falsas que realice.<\/p><p>El usuario se compromete expresamente a hacer un uso adecuado de los contenidos y servicios de JP LLAMAS MECANIZADOS, S. COOP. y a no emplearlos para, entre otros:<\/p><ol><li>a) Difundir contenidos, delictivos, violentos, pornogr\u00e1ficos, racistas, xen\u00f3fobos, ofensivos, de apolog\u00eda del terrorismo o, en general contrarios a la ley o el orden p\u00fablico.<\/li><li>b) Introducir en la red virus inform\u00e1ticos o realizar actuaciones susceptibles de alterar, estropear, interrumpir o generar errores o da\u00f1os en los documentos electr\u00f3nicos, datos o sistemas f\u00edsicos y l\u00f3gicos de JP LLAMAS MECANIZADOS, S. COOP., o de terceras personas; as\u00ed como obstaculizar el acceso de otros usuarios al sitio web y a sus servicios mediante el consumo masivo de los recursos inform\u00e1ticos a trav\u00e9s de los cuales JP LLAMAS MECANIZADOS, S. COOP. presta sus servicios.<\/li><li>c) Intentar acceder a las cuentas de correo electr\u00f3nico de otros usuarios o a \u00e1reas restringidas de los sistemas inform\u00e1ticos de JP LLAMAS MECANIZADOS, S. COOP. o de terceros y, en su caso, extraer informaci\u00f3n.<\/li><li>d) Vulnerar los derechos de propiedad intelectual o industrial, as\u00ed como violar la confidencialidad de la informaci\u00f3n de JP LLAMAS MECANIZADOS, S. COOP. o de terceros.<\/li><li>e) Suplantar la identidad de otro usuario, de las administraciones p\u00fablicas, o de un tercero.<\/li><li>f) Reproducir, copiar, distribuir, poner a disposici\u00f3n o de cualquier otra forma comunicar p\u00fablicamente, transformar o modificar los contenidos, a menos que se cuente con la autorizaci\u00f3n del titular de los correspondientes derechos o ello resulte legalmente permitido.<\/li><li>g) Recabar datos con finalidad publicitaria y de remitir publicidad de cualquier clase y comunicaciones con fines de venta u otras de naturaleza comercial sin que medie su previa solicitud o consentimiento.<\/li><\/ol><p>Todos los contenidos del sitio web, como textos, fotograf\u00edas, gr\u00e1ficos, im\u00e1genes, iconos, tecnolog\u00eda, software, as\u00ed como su dise\u00f1o gr\u00e1fico y c\u00f3digos fuente, constituyen una obra cuya propiedad pertenece a sus respectivos titulares, sin que puedan entenderse cedidos al usuario ninguno de los derechos de explotaci\u00f3n sobre los mismos m\u00e1s all\u00e1 de lo estrictamente necesario para el correcto uso de la web.<\/p><p>En definitiva, los usuarios que accedan a este sitio web pueden visualizar los contenidos y efectuar, en su caso, copias privadas autorizadas, siempre que los elementos reproducidos no sean cedidos posteriormente a terceros, ni se instalen a servidores conectados a redes, ni sean objeto de ning\u00fan tipo de explotaci\u00f3n.<\/p><p>Asimismo, todas las marcas, nombres comerciales o signos distintivos de cualquier clase que aparecen en el sitio web son propiedad de sus respectivos due\u00f1os, sin que pueda entenderse que el uso o acceso al mismo atribuya al usuario derecho alguno sobre los mismos.<\/p><p>La distribuci\u00f3n, modificaci\u00f3n, cesi\u00f3n o comunicaci\u00f3n p\u00fablica de los contenidos y cualquier otro acto que no haya sido expresamente autorizado por el titular de los derechos de explotaci\u00f3n quedan prohibidos.<\/p><p>El establecimiento de un hiperenlace no implica en ning\u00fan caso la existencia de relaciones entre JP LLAMAS MECANIZADOS, S. COOP. y el propietario del sitio web en la que se establezca, ni la aceptaci\u00f3n y aprobaci\u00f3n por parte de JP LLAMAS MECANIZADOS, S. COOP. de sus contenidos o servicios. Aquellas personas que se propongan establecer un hiperenlace previamente deber\u00e1n solicitar autorizaci\u00f3n por escrito a JP LLAMAS MECANIZADOS, S. COOP. En todo caso, el hiperenlace \u00fanicamente permitir\u00e1 el acceso a la p\u00e1gina de inicio de nuestro sitio web, asimismo deber\u00e1 abstenerse de realizar manifestaciones o indicaciones falsas o inexactas sobre JP LLAMAS MECANIZADOS, S. COOP., o incluir contenidos il\u00edcitos, contrarios a las buenas costumbres y al orden p\u00fablico.<\/p><p>JP LLAMAS MECANIZADOS, S. COOP. no se responsabiliza del uso que cada usuario le d\u00e9 a los materiales puestos a disposici\u00f3n de este sitio web ni de las actuaciones que realice en base a los mismos.<\/p><p><b>3. EXCLUSI\u00d3N DE GARANT\u00cdAS Y RESPONSABILIDAD.<\/b><\/p><p>El contenido del presente sitio web es de car\u00e1cter general y tiene una finalidad meramente informativa, sin que se garantice plenamente el acceso a todos los contenidos, ni su exhaustividad, correcci\u00f3n, vigencia o actualidad, ni su idoneidad o utilidad para un objetivo espec\u00edfico.<\/p><p>JP LLAMAS MECANIZADOS, S. COOP. excluye, hasta donde permite el ordenamiento jur\u00eddico, cualquier responsabilidad por los da\u00f1os y perjuicios de toda naturaleza derivados de:<\/p><ol><li>a) La imposibilidad de acceso al sitio web o la falta de veracidad, exactitud, exhaustividad y\/o actualidad de los contenidos, as\u00ed como la existencia de vicios y defectos de toda clase de los contenidos transmitidos, difundidos, almacenados, puestos a disposici\u00f3n a los que se haya accedido a trav\u00e9s del sitio web o de los servicios que se ofrecen.<\/li><li>b) La presencia de virus o de otros elementos en los contenidos que puedan producir alteraciones en los sistemas inform\u00e1ticos, documentos electr\u00f3nicos o datos de los usuarios.<\/li><li>c) El incumplimiento de las leyes, la buena fe, el orden p\u00fablico, los usos del tr\u00e1fico y el presente aviso legal como consecuencia del uso incorrecto del sitio web. En particular, y a modo de ejemplificativo, JP LLAMAS MECANIZADOS, S. COOP. no se hace responsable de las actuaciones de terceros que vulneren los derechos de propiedad intelectual e industrial, derechos al honor, la intimidad personal y familiar y a la propia imagen, as\u00ed como la normativa en materia de competencia desleal y publicidad il\u00edcita.<\/li><\/ol><p>Asimismo, JP LLAMAS MECANIZADOS, S. COOP., declina cualquier responsabilidad respecto a la informaci\u00f3n que se halle fuera de esta web y no sea gestionada directamente por nuestro webmaster. La funci\u00f3n de los links que aparecen en esta web es exclusivamente la de informar al usuario sobre la existencia de otras fuentes susceptibles de ampliar los contenidos que ofrece este sitio web.<\/p><p><b>4. PROCEDIMIENTO EN CASO DE REALIZACI\u00d3N DE ACTIVIDADES DE CAR\u00c1CTER IL\u00cdCITO.<\/b><\/p><p>En el caso de que cualquier usuario o un tercero considere que existen hechos o circunstancias que revelen el car\u00e1cter il\u00edcito de la utilizaci\u00f3n de cualquier contenido y\/o la realizaci\u00f3n de cualquier actividad de las p\u00e1ginas web incluidas o accesibles a trav\u00e9s del sitio web jpllamasmecanizados.com, deber\u00e1 enviar una notificaci\u00f3n a <span data-email-protect=\"kphqBlrnncocuogecpk|cfqu0eqo\"><\/span> identific\u00e1ndose debidamente, especificando las supuestas infracciones y declarando expresamente y bajo su responsabilidad que la informaci\u00f3n proporcionada en la notificaci\u00f3n es exacta.<\/p><p>Para toda cuesti\u00f3n litigiosa que incumba al sitio web de JP LLAMAS MECANIZADOS, S. COOP., ser\u00e1 de aplicaci\u00f3n la legislaci\u00f3n espa\u00f1ola, siendo competentes los Juzgados y Tribunales de Lorca (Murcia).<\/p><p><b>5. NOTIFICACIONES.<\/b><\/p><p>Todas las notificaciones y comunicaciones entre los usuarios se considerar\u00e1n eficaces, a todos los efectos, cuando se realicen a trav\u00e9s de correo postal, correo electr\u00f3nico, o comunicaci\u00f3n telef\u00f3nica. Los usuarios deber\u00e1n dirigirse a JP LLAMAS MECANIZADOS, S. COOP. mediante:<\/p><ol><li>a) Env\u00edo por correo postal a la direcci\u00f3n C\/ Artes y Oficios, Nave 6 Pol. Ind. La Hoya. Lorca (Murcia) ESPA\u00d1A.<\/li><li>b) Comunicaci\u00f3n por medio de una llamada telef\u00f3nica al n\u00famero de tel\u00e9fono 968481019 o 629325012.<\/li><li>c) Env\u00edo por correo electr\u00f3nico a\u00a0<a href=\"#\" data-email-protect-click=\"kphqBlrnncocuogecpk|cfqu0eqo\"><span data-email-protect=\"kphqBlrnncocuogecpk|cfqu0eqo\"><\/span><\/a><\/li><\/ol>\t\t\t\t\t\t\t\t<\/div>\n\t\t\t\t<\/div>\n\t\t\t\t\t<\/div>\n\t\t<\/div>\n\t\t\t\t\t<\/div>\n\t\t<\/section>\n\t\t\t\t<\/div>","protected":false},"excerpt":{"rendered":"<p>Aviso Legal 1. OBJETO Y ACEPTACI\u00d3N. El presente aviso legal regula el uso del sitio web jpllamasmecanizados.com, que pone a su disposici\u00f3n , provista de CIF F73837833 y con domicilio en C\/ Artes y Oficios, Nave 6 \u2013 Buz\u00f3n 6, Pol\u00edgono industrial de La Hoya, Lorca (Murcia) y direcci\u00f3n de correo electr\u00f3nico . La navegaci\u00f3n [&hellip;]<\/p>\n","protected":false},"author":1,"featured_media":0,"parent":0,"menu_order":0,"comment_status":"closed","ping_status":"closed","template":"elementor_header_footer","meta":{"_monsterinsights_skip_tracking":false,"_monsterinsights_sitenote_active":false,"_monsterinsights_sitenote_note":"","_monsterinsights_sitenote_category":0,"footnotes":""},"class_list":["post-634","page","type-page","status-publish","hentry"],"yoast_head":"<!-- This site is optimized with the Yoast SEO plugin v27.6 - https:\/\/yoast.com\/product\/yoast-seo-wordpress\/ -->\n<title>Aviso Legal | JPLlamas Mecanizado<\/title>\n<meta name=\"description\" content=\"En nuestra p\u00e1gina de Avisos Legales, encontrar\u00e1s informaci\u00f3n sobre nuestros t\u00e9rminos y condicione y cualquier otro aspecto legal relevante.\" \/>\n<meta name=\"robots\" content=\"noindex, nofollow\" \/>\n<meta property=\"og:locale\" content=\"en_US\" \/>\n<meta property=\"og:type\" content=\"article\" \/>\n<meta property=\"og:title\" content=\"Aviso Legal | JPLlamas Mecanizado\" \/>\n<meta property=\"og:description\" content=\"En nuestra p\u00e1gina de Avisos Legales, encontrar\u00e1s informaci\u00f3n sobre nuestros t\u00e9rminos y condicione y cualquier otro aspecto legal relevante.\" \/>\n<meta property=\"og:url\" content=\"https:\/\/jpllamasmecanizados.com\/en\/aviso-legal\/\" \/>\n<meta property=\"og:site_name\" content=\"JPLlamas Mecanizado\" \/>\n<meta property=\"article:modified_time\" content=\"2024-04-15T10:09:35+00:00\" \/>\n<meta name=\"twitter:card\" content=\"summary_large_image\" \/>\n<meta name=\"twitter:label1\" content=\"Est. reading time\" \/>\n\t<meta name=\"twitter:data1\" content=\"7 minutes\" \/>\n<script type=\"application\/ld+json\" class=\"yoast-schema-graph\">{\"@context\":\"https:\\\/\\\/schema.org\",\"@graph\":[{\"@type\":\"WebPage\",\"@id\":\"https:\\\/\\\/jpllamasmecanizados.com\\\/aviso-legal\\\/\",\"url\":\"https:\\\/\\\/jpllamasmecanizados.com\\\/aviso-legal\\\/\",\"name\":\"Aviso Legal | JPLlamas Mecanizado\",\"isPartOf\":{\"@id\":\"https:\\\/\\\/jpllamasmecanizados.com\\\/#website\"},\"datePublished\":\"2023-05-11T03:31:48+00:00\",\"dateModified\":\"2024-04-15T10:09:35+00:00\",\"description\":\"En nuestra p\u00e1gina de Avisos Legales, encontrar\u00e1s informaci\u00f3n sobre nuestros t\u00e9rminos y condicione y cualquier otro aspecto legal relevante.\",\"breadcrumb\":{\"@id\":\"https:\\\/\\\/jpllamasmecanizados.com\\\/aviso-legal\\\/#breadcrumb\"},\"inLanguage\":\"en-US\",\"potentialAction\":[{\"@type\":\"ReadAction\",\"target\":[\"https:\\\/\\\/jpllamasmecanizados.com\\\/aviso-legal\\\/\"]}]},{\"@type\":\"BreadcrumbList\",\"@id\":\"https:\\\/\\\/jpllamasmecanizados.com\\\/aviso-legal\\\/#breadcrumb\",\"itemListElement\":[{\"@type\":\"ListItem\",\"position\":1,\"name\":\"Portada\",\"item\":\"https:\\\/\\\/jpllamasmecanizados.com\\\/\"},{\"@type\":\"ListItem\",\"position\":2,\"name\":\"Aviso Legal\"}]},{\"@type\":\"WebSite\",\"@id\":\"https:\\\/\\\/jpllamasmecanizados.com\\\/#website\",\"url\":\"https:\\\/\\\/jpllamasmecanizados.com\\\/\",\"name\":\"JP LLAMAS MECANIZADOS\",\"description\":\"Construcci\u00f3n y Reparaci\u00f3n de Piezas\",\"publisher\":{\"@id\":\"https:\\\/\\\/jpllamasmecanizados.com\\\/#organization\"},\"potentialAction\":[{\"@type\":\"SearchAction\",\"target\":{\"@type\":\"EntryPoint\",\"urlTemplate\":\"https:\\\/\\\/jpllamasmecanizados.com\\\/?s={search_term_string}\"},\"query-input\":{\"@type\":\"PropertyValueSpecification\",\"valueRequired\":true,\"valueName\":\"search_term_string\"}}],\"inLanguage\":\"en-US\"},{\"@type\":\"Organization\",\"@id\":\"https:\\\/\\\/jpllamasmecanizados.com\\\/#organization\",\"name\":\"JP LLAMAS MECANIZADOS\",\"url\":\"https:\\\/\\\/jpllamasmecanizados.com\\\/\",\"logo\":{\"@type\":\"ImageObject\",\"inLanguage\":\"en-US\",\"@id\":\"https:\\\/\\\/jpllamasmecanizados.com\\\/#\\\/schema\\\/logo\\\/image\\\/\",\"url\":\"https:\\\/\\\/jpllamasmecanizados.com\\\/wp-content\\\/uploads\\\/2023\\\/05\\\/JP-LLAMAS-logo-2-blanco-e1684324315145.png\",\"contentUrl\":\"https:\\\/\\\/jpllamasmecanizados.com\\\/wp-content\\\/uploads\\\/2023\\\/05\\\/JP-LLAMAS-logo-2-blanco-e1684324315145.png\",\"width\":1846,\"height\":461,\"caption\":\"JP LLAMAS MECANIZADOS\"},\"image\":{\"@id\":\"https:\\\/\\\/jpllamasmecanizados.com\\\/#\\\/schema\\\/logo\\\/image\\\/\"}}]}<\/script>\n<!-- \/ Yoast SEO plugin. -->","yoast_head_json":{"title":"Aviso Legal | JPLlamas Mecanizado","description":"En nuestra p\u00e1gina de Avisos Legales, encontrar\u00e1s informaci\u00f3n sobre nuestros t\u00e9rminos y condicione y cualquier otro aspecto legal relevante.","robots":{"index":"noindex","follow":"nofollow"},"og_locale":"en_US","og_type":"article","og_title":"Aviso Legal | JPLlamas Mecanizado","og_description":"En nuestra p\u00e1gina de Avisos Legales, encontrar\u00e1s informaci\u00f3n sobre nuestros t\u00e9rminos y condicione y cualquier otro aspecto legal relevante.","og_url":"https:\/\/jpllamasmecanizados.com\/en\/aviso-legal\/","og_site_name":"JPLlamas Mecanizado","article_modified_time":"2024-04-15T10:09:35+00:00","twitter_card":"summary_large_image","twitter_misc":{"Est. reading time":"7 minutes"},"schema":{"@context":"https:\/\/schema.org","@graph":[{"@type":"WebPage","@id":"https:\/\/jpllamasmecanizados.com\/aviso-legal\/","url":"https:\/\/jpllamasmecanizados.com\/aviso-legal\/","name":"Aviso Legal | JPLlamas Mecanizado","isPartOf":{"@id":"https:\/\/jpllamasmecanizados.com\/#website"},"datePublished":"2023-05-11T03:31:48+00:00","dateModified":"2024-04-15T10:09:35+00:00","description":"En nuestra p\u00e1gina de Avisos Legales, encontrar\u00e1s informaci\u00f3n sobre nuestros t\u00e9rminos y condicione y cualquier otro aspecto legal relevante.","breadcrumb":{"@id":"https:\/\/jpllamasmecanizados.com\/aviso-legal\/#breadcrumb"},"inLanguage":"en-US","potentialAction":[{"@type":"ReadAction","target":["https:\/\/jpllamasmecanizados.com\/aviso-legal\/"]}]},{"@type":"BreadcrumbList","@id":"https:\/\/jpllamasmecanizados.com\/aviso-legal\/#breadcrumb","itemListElement":[{"@type":"ListItem","position":1,"name":"Portada","item":"https:\/\/jpllamasmecanizados.com\/"},{"@type":"ListItem","position":2,"name":"Aviso Legal"}]},{"@type":"WebSite","@id":"https:\/\/jpllamasmecanizados.com\/#website","url":"https:\/\/jpllamasmecanizados.com\/","name":"JP FLAMES MACHINED","description":"Construcci\u00f3n y Reparaci\u00f3n de Piezas","publisher":{"@id":"https:\/\/jpllamasmecanizados.com\/#organization"},"potentialAction":[{"@type":"SearchAction","target":{"@type":"EntryPoint","urlTemplate":"https:\/\/jpllamasmecanizados.com\/?s={search_term_string}"},"query-input":{"@type":"PropertyValueSpecification","valueRequired":true,"valueName":"search_term_string"}}],"inLanguage":"en-US"},{"@type":"Organization","@id":"https:\/\/jpllamasmecanizados.com\/#organization","name":"JP FLAMES MACHINED","url":"https:\/\/jpllamasmecanizados.com\/","logo":{"@type":"ImageObject","inLanguage":"en-US","@id":"https:\/\/jpllamasmecanizados.com\/#\/schema\/logo\/image\/","url":"https:\/\/jpllamasmecanizados.com\/wp-content\/uploads\/2023\/05\/JP-LLAMAS-logo-2-blanco-e1684324315145.png","contentUrl":"https:\/\/jpllamasmecanizados.com\/wp-content\/uploads\/2023\/05\/JP-LLAMAS-logo-2-blanco-e1684324315145.png","width":1846,"height":461,"caption":"JP LLAMAS MECANIZADOS"},"image":{"@id":"https:\/\/jpllamasmecanizados.com\/#\/schema\/logo\/image\/"}}]}},"_links":{"self":[{"href":"https:\/\/jpllamasmecanizados.com\/en\/wp-json\/wp\/v2\/pages\/634","targetHints":{"allow":["GET"]}}],"collection":[{"href":"https:\/\/jpllamasmecanizados.com\/en\/wp-json\/wp\/v2\/pages"}],"about":[{"href":"https:\/\/jpllamasmecanizados.com\/en\/wp-json\/wp\/v2\/types\/page"}],"author":[{"embeddable":true,"href":"https:\/\/jpllamasmecanizados.com\/en\/wp-json\/wp\/v2\/users\/1"}],"replies":[{"embeddable":true,"href":"https:\/\/jpllamasmecanizados.com\/en\/wp-json\/wp\/v2\/comments?post=634"}],"version-history":[{"count":8,"href":"https:\/\/jpllamasmecanizados.com\/en\/wp-json\/wp\/v2\/pages\/634\/revisions"}],"predecessor-version":[{"id":1674,"href":"https:\/\/jpllamasmecanizados.com\/en\/wp-json\/wp\/v2\/pages\/634\/revisions\/1674"}],"wp:attachment":[{"href":"https:\/\/jpllamasmecanizados.com\/en\/wp-json\/wp\/v2\/media?parent=634"}],"curies":[{"name":"wp","href":"https:\/\/api.w.org\/{rel}","templated":true}]}}