{"id":648,"date":"2023-05-11T03:40:59","date_gmt":"2023-05-11T03:40:59","guid":{"rendered":"https:\/\/jpllamas.spmagency.es\/?page_id=648"},"modified":"2024-04-09T12:55:49","modified_gmt":"2024-04-09T10:55:49","slug":"politica-de-privacidad","status":"publish","type":"page","link":"https:\/\/jpllamasmecanizados.com\/en\/politica-de-privacidad\/","title":{"rendered":"Privacy policy"},"content":{"rendered":"<div data-elementor-type=\"wp-page\" data-elementor-id=\"648\" class=\"elementor elementor-648\" data-elementor-post-type=\"page\">\n\t\t\t\t\t\t<section class=\"elementor-section elementor-top-section elementor-element elementor-element-721fb662 elementor-section-boxed elementor-section-height-default elementor-section-height-default\" data-id=\"721fb662\" data-element_type=\"section\" data-e-type=\"section\" data-settings=\"{&quot;background_background&quot;:&quot;classic&quot;,&quot;shape_divider_bottom&quot;:&quot;triangle&quot;,&quot;shape_divider_bottom_negative&quot;:&quot;yes&quot;}\">\n\t\t\t\t\t\t\t<div class=\"elementor-background-overlay\"><\/div>\n\t\t\t\t\t\t<div class=\"elementor-shape elementor-shape-bottom\" aria-hidden=\"true\" data-negative=\"true\">\n\t\t\t<svg xmlns=\"http:\/\/www.w3.org\/2000\/svg\" viewbox=\"0 0 1000 100\" preserveaspectratio=\"none\">\n\t<path class=\"elementor-shape-fill\" d=\"M500.2,94.7L0,0v100h1000V0L500.2,94.7z\"\/>\n<\/svg>\t\t<\/div>\n\t\t\t\t\t<div class=\"elementor-container elementor-column-gap-default\">\n\t\t\t\t\t<div class=\"elementor-column elementor-col-100 elementor-top-column elementor-element elementor-element-639f7f93\" data-id=\"639f7f93\" data-element_type=\"column\" data-e-type=\"column\">\n\t\t\t<div class=\"elementor-widget-wrap elementor-element-populated\">\n\t\t\t\t\t\t<div class=\"elementor-element elementor-element-733c6966 elementor-widget elementor-widget-heading\" data-id=\"733c6966\" data-element_type=\"widget\" data-e-type=\"widget\" data-widget_type=\"heading.default\">\n\t\t\t\t<div class=\"elementor-widget-container\">\n\t\t\t\t\t<h1 class=\"elementor-heading-title elementor-size-default\">Privacy policy<\/h1>\t\t\t\t<\/div>\n\t\t\t\t<\/div>\n\t\t\t\t\t<\/div>\n\t\t<\/div>\n\t\t\t\t\t<\/div>\n\t\t<\/section>\n\t\t\t\t<section class=\"elementor-section elementor-top-section elementor-element elementor-element-f1ab89d elementor-section-boxed elementor-section-height-default elementor-section-height-default\" data-id=\"f1ab89d\" data-element_type=\"section\" data-e-type=\"section\">\n\t\t\t\t\t\t<div class=\"elementor-container elementor-column-gap-default\">\n\t\t\t\t\t<div class=\"elementor-column elementor-col-100 elementor-top-column elementor-element elementor-element-abee77a\" data-id=\"abee77a\" data-element_type=\"column\" data-e-type=\"column\">\n\t\t\t<div class=\"elementor-widget-wrap elementor-element-populated\">\n\t\t\t\t\t\t<div class=\"elementor-element elementor-element-cddba8f elementor-widget elementor-widget-text-editor\" data-id=\"cddba8f\" data-element_type=\"widget\" data-e-type=\"widget\" data-widget_type=\"text-editor.default\">\n\t\t\t\t<div class=\"elementor-widget-container\">\n\t\t\t\t\t\t\t\t\t<ol><li><p>En aquellos casos en los que precisemos obtener informaci\u00f3n por su parte, siempre le solicitaremos que la proporcione voluntariamente de forma expresa. Los datos recabados a trav\u00e9s de los formularios de recogida de datos del sitio web, u otras v\u00edas, ser\u00e1n incorporados a un fichero automatizado de datos de car\u00e1cter personal del cual es responsable JP LLAMAS MECANIZADOS, S. COOP., en adelante \u201cla empresa\u201d.<\/p><p>Esta empresa tratar\u00e1 los datos de\u00a0<b>forma confidencial<\/b>\u00a0y exclusivamente con la finalidad de ofrecer los servicios solicitados, con todas las\u00a0<b>garant\u00edas legales y de seguridad<\/b>\u00a0que impone la Ley Org\u00e1nica 15\/1999, de 13 de diciembre, de Protecci\u00f3n de Datos de Car\u00e1cter Personal y la Ley 34\/2002, de 11 de julio, de Servicios de la Sociedad de la Informaci\u00f3n y Comercio Electr\u00f3nico.<\/p><p>La empresa se compromete a\u00a0<b>no ceder, vender, ni compartir los datos con terceros sin su aprobaci\u00f3n expresa<\/b>\u00a0m\u00e1s all\u00e1 de lo estipulado en el Aviso Legal y Condiciones de Uso disponibles en el sitio web\u00a0<a href=\"https:\/\/jpllamasmecanizados.com\/en\/\"><b>jpllamasmecanizados.com<\/b><\/a>, que el usuario declara conocer y aceptar.<\/p><p>Asimismo, la empresa,\u00a0<b>cancelar\u00e1 o rectificar\u00e1 los datos cuando resulten inexactos, incompletos o hayan dejado de ser necesarios o pertinentes<\/b>\u00a0para su finalidad, de conformidad con lo previsto en la Ley Org\u00e1nica 15\/1999, de 13 de diciembre, de Protecci\u00f3n de Datos de Car\u00e1cter Personal.<\/p><p>El\u00a0<b>usuario podr\u00e1 revocar el consentimiento prestado<\/b>\u00a0y ejercer los derechos de acceso, rectificaci\u00f3n, cancelaci\u00f3n y oposici\u00f3n dirigi\u00e9ndose a tal efecto a las direcciones que encontrar\u00e1 en el apartado \u201cNotificaciones\u201d del citado Aviso Legal. Identific\u00e1ndose debidamente e indicando de forma visible el concreto derecho que se ejerce.<\/p><p>La empresa adopta los niveles de seguridad correspondientes requeridos por la citada Ley Org\u00e1nica 15\/1999 y dem\u00e1s normativa aplicable. No obstante, la empresa no asume ninguna responsabilidad por los da\u00f1os y perjuicios derivados de alteraciones que terceros pueden causar en los sistemas inform\u00e1ticos, documentos electr\u00f3nicos o ficheros del usuario.<\/p><p>Si opta a abandonar nuestro sitio web a trav\u00e9s de enlaces a sitios web no pertenecientes a nuestra empresa, no seremos responsables de las pol\u00edticas de privacidad de dichos sitios web ni de las cookies que \u00e9stos puedan almacenar en el ordenador del usuario.<\/p><p>Nuestra pol\u00edtica con respecto al env\u00edo de publicidad o informaci\u00f3n a trav\u00e9s de medios telem\u00e1ticos (correo electr\u00f3nico, sms, mms, etc.), se limita a enviar \u00fanicamente comunicaciones que consideremos de inter\u00e9s para nuestros usuarios y clientes, o que usted haya consentido recibir. Si prefiere no recibir estos mensajes, le ofreceremos a trav\u00e9s de los mismos la posibilidad de ejercer su derecho de cancelaci\u00f3n y renuncia a la recepci\u00f3n de estos mensajes, en conformidad con lo dispuesto en el T\u00edtulo III, art\u00edculo 22 de la Ley 34\/2002 de Servicios para la Sociedad de la Informaci\u00f3n y de Comercio Electr\u00f3nico.<\/p><\/li><\/ol>\t\t\t\t\t\t\t\t<\/div>\n\t\t\t\t<\/div>\n\t\t\t\t\t<\/div>\n\t\t<\/div>\n\t\t\t\t\t<\/div>\n\t\t<\/section>\n\t\t\t\t<\/div>","protected":false},"excerpt":{"rendered":"<p>Pol\u00edtica de Privacidad En aquellos casos en los que precisemos obtener informaci\u00f3n por su parte, siempre le solicitaremos que la proporcione voluntariamente de forma expresa. Los datos recabados a trav\u00e9s de los formularios de recogida de datos del sitio web, u otras v\u00edas, ser\u00e1n incorporados a un fichero automatizado de datos de car\u00e1cter personal del [&hellip;]<\/p>\n","protected":false},"author":1,"featured_media":0,"parent":0,"menu_order":0,"comment_status":"closed","ping_status":"closed","template":"elementor_header_footer","meta":{"_monsterinsights_skip_tracking":false,"_monsterinsights_sitenote_active":false,"_monsterinsights_sitenote_note":"","_monsterinsights_sitenote_category":0,"footnotes":""},"class_list":["post-648","page","type-page","status-publish","hentry"],"yoast_head":"<!-- This site is optimized with the Yoast SEO plugin v27.6 - https:\/\/yoast.com\/product\/yoast-seo-wordpress\/ -->\n<title>Pol\u00edtica de Privacidad | JPLlamas Mecanizado<\/title>\n<meta name=\"description\" content=\"En JP LLamas Mecanizados, nuestra pol\u00edtica de privacidad garantiza la confidencialidad de tus datos personales y su uso responsable.\" \/>\n<meta name=\"robots\" content=\"noindex, nofollow\" \/>\n<meta property=\"og:locale\" content=\"en_US\" \/>\n<meta property=\"og:type\" content=\"article\" \/>\n<meta property=\"og:title\" content=\"Pol\u00edtica de Privacidad | JPLlamas Mecanizado\" \/>\n<meta property=\"og:description\" content=\"En JP LLamas Mecanizados, nuestra pol\u00edtica de privacidad garantiza la confidencialidad de tus datos personales y su uso responsable.\" \/>\n<meta property=\"og:url\" content=\"https:\/\/jpllamasmecanizados.com\/en\/politica-de-privacidad\/\" \/>\n<meta property=\"og:site_name\" content=\"JPLlamas Mecanizado\" \/>\n<meta property=\"article:modified_time\" content=\"2024-04-09T10:55:49+00:00\" \/>\n<meta name=\"twitter:card\" content=\"summary_large_image\" \/>\n<meta name=\"twitter:label1\" content=\"Est. reading time\" \/>\n\t<meta name=\"twitter:data1\" content=\"3 minutes\" \/>\n<script type=\"application\/ld+json\" class=\"yoast-schema-graph\">{\"@context\":\"https:\\\/\\\/schema.org\",\"@graph\":[{\"@type\":\"WebPage\",\"@id\":\"https:\\\/\\\/jpllamasmecanizados.com\\\/politica-de-privacidad\\\/\",\"url\":\"https:\\\/\\\/jpllamasmecanizados.com\\\/politica-de-privacidad\\\/\",\"name\":\"Pol\u00edtica de Privacidad | JPLlamas Mecanizado\",\"isPartOf\":{\"@id\":\"https:\\\/\\\/jpllamasmecanizados.com\\\/#website\"},\"datePublished\":\"2023-05-11T03:40:59+00:00\",\"dateModified\":\"2024-04-09T10:55:49+00:00\",\"description\":\"En JP LLamas Mecanizados, nuestra pol\u00edtica de privacidad garantiza la confidencialidad de tus datos personales y su uso responsable.\",\"breadcrumb\":{\"@id\":\"https:\\\/\\\/jpllamasmecanizados.com\\\/politica-de-privacidad\\\/#breadcrumb\"},\"inLanguage\":\"en-US\",\"potentialAction\":[{\"@type\":\"ReadAction\",\"target\":[\"https:\\\/\\\/jpllamasmecanizados.com\\\/politica-de-privacidad\\\/\"]}]},{\"@type\":\"BreadcrumbList\",\"@id\":\"https:\\\/\\\/jpllamasmecanizados.com\\\/politica-de-privacidad\\\/#breadcrumb\",\"itemListElement\":[{\"@type\":\"ListItem\",\"position\":1,\"name\":\"Portada\",\"item\":\"https:\\\/\\\/jpllamasmecanizados.com\\\/\"},{\"@type\":\"ListItem\",\"position\":2,\"name\":\"Pol\u00edtica de Privacidad\"}]},{\"@type\":\"WebSite\",\"@id\":\"https:\\\/\\\/jpllamasmecanizados.com\\\/#website\",\"url\":\"https:\\\/\\\/jpllamasmecanizados.com\\\/\",\"name\":\"JP LLAMAS MECANIZADOS\",\"description\":\"Construcci\u00f3n y Reparaci\u00f3n de Piezas\",\"publisher\":{\"@id\":\"https:\\\/\\\/jpllamasmecanizados.com\\\/#organization\"},\"potentialAction\":[{\"@type\":\"SearchAction\",\"target\":{\"@type\":\"EntryPoint\",\"urlTemplate\":\"https:\\\/\\\/jpllamasmecanizados.com\\\/?s={search_term_string}\"},\"query-input\":{\"@type\":\"PropertyValueSpecification\",\"valueRequired\":true,\"valueName\":\"search_term_string\"}}],\"inLanguage\":\"en-US\"},{\"@type\":\"Organization\",\"@id\":\"https:\\\/\\\/jpllamasmecanizados.com\\\/#organization\",\"name\":\"JP LLAMAS MECANIZADOS\",\"url\":\"https:\\\/\\\/jpllamasmecanizados.com\\\/\",\"logo\":{\"@type\":\"ImageObject\",\"inLanguage\":\"en-US\",\"@id\":\"https:\\\/\\\/jpllamasmecanizados.com\\\/#\\\/schema\\\/logo\\\/image\\\/\",\"url\":\"https:\\\/\\\/jpllamasmecanizados.com\\\/wp-content\\\/uploads\\\/2023\\\/05\\\/JP-LLAMAS-logo-2-blanco-e1684324315145.png\",\"contentUrl\":\"https:\\\/\\\/jpllamasmecanizados.com\\\/wp-content\\\/uploads\\\/2023\\\/05\\\/JP-LLAMAS-logo-2-blanco-e1684324315145.png\",\"width\":1846,\"height\":461,\"caption\":\"JP LLAMAS MECANIZADOS\"},\"image\":{\"@id\":\"https:\\\/\\\/jpllamasmecanizados.com\\\/#\\\/schema\\\/logo\\\/image\\\/\"}}]}<\/script>\n<!-- \/ Yoast SEO plugin. -->","yoast_head_json":{"title":"Pol\u00edtica de Privacidad | JPLlamas Mecanizado","description":"En JP LLamas Mecanizados, nuestra pol\u00edtica de privacidad garantiza la confidencialidad de tus datos personales y su uso responsable.","robots":{"index":"noindex","follow":"nofollow"},"og_locale":"en_US","og_type":"article","og_title":"Pol\u00edtica de Privacidad | JPLlamas Mecanizado","og_description":"En JP LLamas Mecanizados, nuestra pol\u00edtica de privacidad garantiza la confidencialidad de tus datos personales y su uso responsable.","og_url":"https:\/\/jpllamasmecanizados.com\/en\/politica-de-privacidad\/","og_site_name":"JPLlamas Mecanizado","article_modified_time":"2024-04-09T10:55:49+00:00","twitter_card":"summary_large_image","twitter_misc":{"Est. reading time":"3 minutes"},"schema":{"@context":"https:\/\/schema.org","@graph":[{"@type":"WebPage","@id":"https:\/\/jpllamasmecanizados.com\/politica-de-privacidad\/","url":"https:\/\/jpllamasmecanizados.com\/politica-de-privacidad\/","name":"Pol\u00edtica de Privacidad | JPLlamas Mecanizado","isPartOf":{"@id":"https:\/\/jpllamasmecanizados.com\/#website"},"datePublished":"2023-05-11T03:40:59+00:00","dateModified":"2024-04-09T10:55:49+00:00","description":"En JP LLamas Mecanizados, nuestra pol\u00edtica de privacidad garantiza la confidencialidad de tus datos personales y su uso responsable.","breadcrumb":{"@id":"https:\/\/jpllamasmecanizados.com\/politica-de-privacidad\/#breadcrumb"},"inLanguage":"en-US","potentialAction":[{"@type":"ReadAction","target":["https:\/\/jpllamasmecanizados.com\/politica-de-privacidad\/"]}]},{"@type":"BreadcrumbList","@id":"https:\/\/jpllamasmecanizados.com\/politica-de-privacidad\/#breadcrumb","itemListElement":[{"@type":"ListItem","position":1,"name":"Portada","item":"https:\/\/jpllamasmecanizados.com\/"},{"@type":"ListItem","position":2,"name":"Pol\u00edtica de Privacidad"}]},{"@type":"WebSite","@id":"https:\/\/jpllamasmecanizados.com\/#website","url":"https:\/\/jpllamasmecanizados.com\/","name":"JP FLAMES MACHINED","description":"Construcci\u00f3n y Reparaci\u00f3n de Piezas","publisher":{"@id":"https:\/\/jpllamasmecanizados.com\/#organization"},"potentialAction":[{"@type":"SearchAction","target":{"@type":"EntryPoint","urlTemplate":"https:\/\/jpllamasmecanizados.com\/?s={search_term_string}"},"query-input":{"@type":"PropertyValueSpecification","valueRequired":true,"valueName":"search_term_string"}}],"inLanguage":"en-US"},{"@type":"Organization","@id":"https:\/\/jpllamasmecanizados.com\/#organization","name":"JP FLAMES MACHINED","url":"https:\/\/jpllamasmecanizados.com\/","logo":{"@type":"ImageObject","inLanguage":"en-US","@id":"https:\/\/jpllamasmecanizados.com\/#\/schema\/logo\/image\/","url":"https:\/\/jpllamasmecanizados.com\/wp-content\/uploads\/2023\/05\/JP-LLAMAS-logo-2-blanco-e1684324315145.png","contentUrl":"https:\/\/jpllamasmecanizados.com\/wp-content\/uploads\/2023\/05\/JP-LLAMAS-logo-2-blanco-e1684324315145.png","width":1846,"height":461,"caption":"JP LLAMAS MECANIZADOS"},"image":{"@id":"https:\/\/jpllamasmecanizados.com\/#\/schema\/logo\/image\/"}}]}},"_links":{"self":[{"href":"https:\/\/jpllamasmecanizados.com\/en\/wp-json\/wp\/v2\/pages\/648","targetHints":{"allow":["GET"]}}],"collection":[{"href":"https:\/\/jpllamasmecanizados.com\/en\/wp-json\/wp\/v2\/pages"}],"about":[{"href":"https:\/\/jpllamasmecanizados.com\/en\/wp-json\/wp\/v2\/types\/page"}],"author":[{"embeddable":true,"href":"https:\/\/jpllamasmecanizados.com\/en\/wp-json\/wp\/v2\/users\/1"}],"replies":[{"embeddable":true,"href":"https:\/\/jpllamasmecanizados.com\/en\/wp-json\/wp\/v2\/comments?post=648"}],"version-history":[{"count":5,"href":"https:\/\/jpllamasmecanizados.com\/en\/wp-json\/wp\/v2\/pages\/648\/revisions"}],"predecessor-version":[{"id":1671,"href":"https:\/\/jpllamasmecanizados.com\/en\/wp-json\/wp\/v2\/pages\/648\/revisions\/1671"}],"wp:attachment":[{"href":"https:\/\/jpllamasmecanizados.com\/en\/wp-json\/wp\/v2\/media?parent=648"}],"curies":[{"name":"wp","href":"https:\/\/api.w.org\/{rel}","templated":true}]}}