{"id":654,"date":"2023-05-11T03:42:20","date_gmt":"2023-05-11T03:42:20","guid":{"rendered":"https:\/\/jpllamas.spmagency.es\/?page_id=654"},"modified":"2024-04-09T12:55:46","modified_gmt":"2024-04-09T10:55:46","slug":"politica-de-cookies","status":"publish","type":"page","link":"https:\/\/jpllamasmecanizados.com\/en\/politica-de-cookies\/","title":{"rendered":"Cookie policy"},"content":{"rendered":"<div data-elementor-type=\"wp-page\" data-elementor-id=\"654\" class=\"elementor elementor-654\" data-elementor-post-type=\"page\">\n\t\t\t\t\t\t<section class=\"elementor-section elementor-top-section elementor-element elementor-element-721fb662 elementor-section-boxed elementor-section-height-default elementor-section-height-default\" data-id=\"721fb662\" data-element_type=\"section\" data-e-type=\"section\" data-settings=\"{&quot;background_background&quot;:&quot;classic&quot;,&quot;shape_divider_bottom&quot;:&quot;triangle&quot;,&quot;shape_divider_bottom_negative&quot;:&quot;yes&quot;}\">\n\t\t\t\t\t\t\t<div class=\"elementor-background-overlay\"><\/div>\n\t\t\t\t\t\t<div class=\"elementor-shape elementor-shape-bottom\" aria-hidden=\"true\" data-negative=\"true\">\n\t\t\t<svg xmlns=\"http:\/\/www.w3.org\/2000\/svg\" viewbox=\"0 0 1000 100\" preserveaspectratio=\"none\">\n\t<path class=\"elementor-shape-fill\" d=\"M500.2,94.7L0,0v100h1000V0L500.2,94.7z\"\/>\n<\/svg>\t\t<\/div>\n\t\t\t\t\t<div class=\"elementor-container elementor-column-gap-default\">\n\t\t\t\t\t<div class=\"elementor-column elementor-col-100 elementor-top-column elementor-element elementor-element-639f7f93\" data-id=\"639f7f93\" data-element_type=\"column\" data-e-type=\"column\">\n\t\t\t<div class=\"elementor-widget-wrap elementor-element-populated\">\n\t\t\t\t\t\t<div class=\"elementor-element elementor-element-733c6966 elementor-widget elementor-widget-heading\" data-id=\"733c6966\" data-element_type=\"widget\" data-e-type=\"widget\" data-widget_type=\"heading.default\">\n\t\t\t\t<div class=\"elementor-widget-container\">\n\t\t\t\t\t<h1 class=\"elementor-heading-title elementor-size-default\">Cookie policy<\/h1>\t\t\t\t<\/div>\n\t\t\t\t<\/div>\n\t\t\t\t\t<\/div>\n\t\t<\/div>\n\t\t\t\t\t<\/div>\n\t\t<\/section>\n\t\t\t\t<section class=\"elementor-section elementor-top-section elementor-element elementor-element-f1ab89d elementor-section-boxed elementor-section-height-default elementor-section-height-default\" data-id=\"f1ab89d\" data-element_type=\"section\" data-e-type=\"section\">\n\t\t\t\t\t\t<div class=\"elementor-container elementor-column-gap-default\">\n\t\t\t\t\t<div class=\"elementor-column elementor-col-100 elementor-top-column elementor-element elementor-element-abee77a\" data-id=\"abee77a\" data-element_type=\"column\" data-e-type=\"column\">\n\t\t\t<div class=\"elementor-widget-wrap elementor-element-populated\">\n\t\t\t\t\t\t<div class=\"elementor-element elementor-element-cddba8f elementor-widget elementor-widget-text-editor\" data-id=\"cddba8f\" data-element_type=\"widget\" data-e-type=\"widget\" data-widget_type=\"text-editor.default\">\n\t\t\t\t<div class=\"elementor-widget-container\">\n\t\t\t\t\t\t\t\t\t<ol><li><p><strong>POL\u00cdTICA DE COOKIES<\/strong><\/p><p>Una cookie es una peque\u00f1a informaci\u00f3n enviada por un sitio web y almacenada en el navegador del usuario, de manera que el sitio web puede consultar la actividad previa del usuario.<\/p><p>En este sitio web se utilizan las siguientes cookies que se detallan a continuaci\u00f3n:<\/p><ul><li>cookies estrictamente necesarias para la prestaci\u00f3n de determinados servicios solicitados expresamente por el usuario: si se desactivan estas cookies, no podr\u00e1 recibir correctamente nuestros contenidos y servicios; y<\/li><li>cookies anal\u00edticas, las cuales ayudan a proporionar datos estad\u00edsticos de uso de la web para mejorar en el contenido y servicio que ofrecemos.<\/li><\/ul><p>\u00a0<\/p><\/li><li><p><strong>DESACTIVACI\u00d3N DE COOKIES<\/strong><\/p><p>El usuario podr\u00e1 -en cualquier momento- elegir qu\u00e9 cookies quiere que funcionen en este sitio web mediante la configuraci\u00f3n del\u00a0<strong>navegador<\/strong>:<\/p><ul><li><strong>Chrome<\/strong>, desde\u00a0<a href=\"http:\/\/support.google.com\/chrome\/bin\/answer.py?hl=es&amp;answer=95647\" target=\"_blank\" rel=\"noopener\">http:\/\/support.google.com\/chrome\/bin\/answer.py?hl=es&amp;answer=95647<\/a><\/li><li><strong>Explorer<\/strong>, desde\u00a0<a href=\"http:\/\/windows.microsoft.com\/es-es\/windows7\/how-to-manage-cookies-in-internet-explorer-9\" target=\"_blank\" rel=\"noopener\">http:\/\/windows.microsoft.com\/es-es\/windows7\/how-to-manage-cookies-in-internet-explorer-9<\/a><\/li><li><strong>Firefox<\/strong>, desde\u00a0<a href=\"http:\/\/support.mozilla.org\/es\/kb\/habilitar-y-deshabilitar-cookies-que-los-sitios-we\" target=\"_blank\" rel=\"noopener\">http:\/\/support.mozilla.org\/es\/kb\/habilitar-y-deshabilitar-cookies-que-los-sitios-we<\/a><\/li><li>Safari, desde\u00a0<a href=\"http:\/\/support.apple.com\/kb\/ph5042\" target=\"_blank\" rel=\"noopener\">http:\/\/support.apple.com\/kb\/ph5042<\/a><\/li><\/ul><\/li><\/ol>\t\t\t\t\t\t\t\t<\/div>\n\t\t\t\t<\/div>\n\t\t\t\t\t<\/div>\n\t\t<\/div>\n\t\t\t\t\t<\/div>\n\t\t<\/section>\n\t\t\t\t<\/div>","protected":false},"excerpt":{"rendered":"<p>Pol\u00edtica de Cookies POL\u00cdTICA DE COOKIES Una cookie es una peque\u00f1a informaci\u00f3n enviada por un sitio web y almacenada en el navegador del usuario, de manera que el sitio web puede consultar la actividad previa del usuario. En este sitio web se utilizan las siguientes cookies que se detallan a continuaci\u00f3n: cookies estrictamente necesarias para [&hellip;]<\/p>\n","protected":false},"author":1,"featured_media":0,"parent":0,"menu_order":0,"comment_status":"closed","ping_status":"closed","template":"elementor_header_footer","meta":{"_monsterinsights_skip_tracking":false,"_monsterinsights_sitenote_active":false,"_monsterinsights_sitenote_note":"","_monsterinsights_sitenote_category":0,"footnotes":""},"class_list":["post-654","page","type-page","status-publish","hentry"],"yoast_head":"<!-- This site is optimized with the Yoast SEO plugin v27.6 - https:\/\/yoast.com\/product\/yoast-seo-wordpress\/ -->\n<title>Pol\u00edtica de Cookies | JPLlamas Mecanizado<\/title>\n<meta name=\"description\" content=\"En JP Llamas Mecanizados, Nuestra p\u00e1gina de Pol\u00edticas de Cookies te proporciona informaci\u00f3n sobre el uso de cookies.\" \/>\n<meta name=\"robots\" content=\"noindex, nofollow\" \/>\n<meta property=\"og:locale\" content=\"en_US\" \/>\n<meta property=\"og:type\" content=\"article\" \/>\n<meta property=\"og:title\" content=\"Pol\u00edtica de Cookies | JPLlamas Mecanizado\" \/>\n<meta property=\"og:description\" content=\"En JP Llamas Mecanizados, Nuestra p\u00e1gina de Pol\u00edticas de Cookies te proporciona informaci\u00f3n sobre el uso de cookies.\" \/>\n<meta property=\"og:url\" content=\"https:\/\/jpllamasmecanizados.com\/en\/politica-de-cookies\/\" \/>\n<meta property=\"og:site_name\" content=\"JPLlamas Mecanizado\" \/>\n<meta property=\"article:modified_time\" content=\"2024-04-09T10:55:46+00:00\" \/>\n<meta name=\"twitter:card\" content=\"summary_large_image\" \/>\n<meta name=\"twitter:label1\" content=\"Est. reading time\" \/>\n\t<meta name=\"twitter:data1\" content=\"1 minute\" \/>\n<script type=\"application\/ld+json\" class=\"yoast-schema-graph\">{\"@context\":\"https:\\\/\\\/schema.org\",\"@graph\":[{\"@type\":\"WebPage\",\"@id\":\"https:\\\/\\\/jpllamasmecanizados.com\\\/politica-de-cookies\\\/\",\"url\":\"https:\\\/\\\/jpllamasmecanizados.com\\\/politica-de-cookies\\\/\",\"name\":\"Pol\u00edtica de Cookies | JPLlamas Mecanizado\",\"isPartOf\":{\"@id\":\"https:\\\/\\\/jpllamasmecanizados.com\\\/#website\"},\"datePublished\":\"2023-05-11T03:42:20+00:00\",\"dateModified\":\"2024-04-09T10:55:46+00:00\",\"description\":\"En JP Llamas Mecanizados, Nuestra p\u00e1gina de Pol\u00edticas de Cookies te proporciona informaci\u00f3n sobre el uso de cookies.\",\"breadcrumb\":{\"@id\":\"https:\\\/\\\/jpllamasmecanizados.com\\\/politica-de-cookies\\\/#breadcrumb\"},\"inLanguage\":\"en-US\",\"potentialAction\":[{\"@type\":\"ReadAction\",\"target\":[\"https:\\\/\\\/jpllamasmecanizados.com\\\/politica-de-cookies\\\/\"]}]},{\"@type\":\"BreadcrumbList\",\"@id\":\"https:\\\/\\\/jpllamasmecanizados.com\\\/politica-de-cookies\\\/#breadcrumb\",\"itemListElement\":[{\"@type\":\"ListItem\",\"position\":1,\"name\":\"Portada\",\"item\":\"https:\\\/\\\/jpllamasmecanizados.com\\\/\"},{\"@type\":\"ListItem\",\"position\":2,\"name\":\"Pol\u00edtica de Cookies\"}]},{\"@type\":\"WebSite\",\"@id\":\"https:\\\/\\\/jpllamasmecanizados.com\\\/#website\",\"url\":\"https:\\\/\\\/jpllamasmecanizados.com\\\/\",\"name\":\"JP LLAMAS MECANIZADOS\",\"description\":\"Construcci\u00f3n y Reparaci\u00f3n de Piezas\",\"publisher\":{\"@id\":\"https:\\\/\\\/jpllamasmecanizados.com\\\/#organization\"},\"potentialAction\":[{\"@type\":\"SearchAction\",\"target\":{\"@type\":\"EntryPoint\",\"urlTemplate\":\"https:\\\/\\\/jpllamasmecanizados.com\\\/?s={search_term_string}\"},\"query-input\":{\"@type\":\"PropertyValueSpecification\",\"valueRequired\":true,\"valueName\":\"search_term_string\"}}],\"inLanguage\":\"en-US\"},{\"@type\":\"Organization\",\"@id\":\"https:\\\/\\\/jpllamasmecanizados.com\\\/#organization\",\"name\":\"JP LLAMAS MECANIZADOS\",\"url\":\"https:\\\/\\\/jpllamasmecanizados.com\\\/\",\"logo\":{\"@type\":\"ImageObject\",\"inLanguage\":\"en-US\",\"@id\":\"https:\\\/\\\/jpllamasmecanizados.com\\\/#\\\/schema\\\/logo\\\/image\\\/\",\"url\":\"https:\\\/\\\/jpllamasmecanizados.com\\\/wp-content\\\/uploads\\\/2023\\\/05\\\/JP-LLAMAS-logo-2-blanco-e1684324315145.png\",\"contentUrl\":\"https:\\\/\\\/jpllamasmecanizados.com\\\/wp-content\\\/uploads\\\/2023\\\/05\\\/JP-LLAMAS-logo-2-blanco-e1684324315145.png\",\"width\":1846,\"height\":461,\"caption\":\"JP LLAMAS MECANIZADOS\"},\"image\":{\"@id\":\"https:\\\/\\\/jpllamasmecanizados.com\\\/#\\\/schema\\\/logo\\\/image\\\/\"}}]}<\/script>\n<!-- \/ Yoast SEO plugin. -->","yoast_head_json":{"title":"Pol\u00edtica de Cookies | JPLlamas Mecanizado","description":"En JP Llamas Mecanizados, Nuestra p\u00e1gina de Pol\u00edticas de Cookies te proporciona informaci\u00f3n sobre el uso de cookies.","robots":{"index":"noindex","follow":"nofollow"},"og_locale":"en_US","og_type":"article","og_title":"Pol\u00edtica de Cookies | JPLlamas Mecanizado","og_description":"En JP Llamas Mecanizados, Nuestra p\u00e1gina de Pol\u00edticas de Cookies te proporciona informaci\u00f3n sobre el uso de cookies.","og_url":"https:\/\/jpllamasmecanizados.com\/en\/politica-de-cookies\/","og_site_name":"JPLlamas Mecanizado","article_modified_time":"2024-04-09T10:55:46+00:00","twitter_card":"summary_large_image","twitter_misc":{"Est. reading time":"1 minute"},"schema":{"@context":"https:\/\/schema.org","@graph":[{"@type":"WebPage","@id":"https:\/\/jpllamasmecanizados.com\/politica-de-cookies\/","url":"https:\/\/jpllamasmecanizados.com\/politica-de-cookies\/","name":"Pol\u00edtica de Cookies | JPLlamas Mecanizado","isPartOf":{"@id":"https:\/\/jpllamasmecanizados.com\/#website"},"datePublished":"2023-05-11T03:42:20+00:00","dateModified":"2024-04-09T10:55:46+00:00","description":"En JP Llamas Mecanizados, Nuestra p\u00e1gina de Pol\u00edticas de Cookies te proporciona informaci\u00f3n sobre el uso de cookies.","breadcrumb":{"@id":"https:\/\/jpllamasmecanizados.com\/politica-de-cookies\/#breadcrumb"},"inLanguage":"en-US","potentialAction":[{"@type":"ReadAction","target":["https:\/\/jpllamasmecanizados.com\/politica-de-cookies\/"]}]},{"@type":"BreadcrumbList","@id":"https:\/\/jpllamasmecanizados.com\/politica-de-cookies\/#breadcrumb","itemListElement":[{"@type":"ListItem","position":1,"name":"Portada","item":"https:\/\/jpllamasmecanizados.com\/"},{"@type":"ListItem","position":2,"name":"Pol\u00edtica de Cookies"}]},{"@type":"WebSite","@id":"https:\/\/jpllamasmecanizados.com\/#website","url":"https:\/\/jpllamasmecanizados.com\/","name":"JP FLAMES MACHINED","description":"Construcci\u00f3n y Reparaci\u00f3n de Piezas","publisher":{"@id":"https:\/\/jpllamasmecanizados.com\/#organization"},"potentialAction":[{"@type":"SearchAction","target":{"@type":"EntryPoint","urlTemplate":"https:\/\/jpllamasmecanizados.com\/?s={search_term_string}"},"query-input":{"@type":"PropertyValueSpecification","valueRequired":true,"valueName":"search_term_string"}}],"inLanguage":"en-US"},{"@type":"Organization","@id":"https:\/\/jpllamasmecanizados.com\/#organization","name":"JP FLAMES MACHINED","url":"https:\/\/jpllamasmecanizados.com\/","logo":{"@type":"ImageObject","inLanguage":"en-US","@id":"https:\/\/jpllamasmecanizados.com\/#\/schema\/logo\/image\/","url":"https:\/\/jpllamasmecanizados.com\/wp-content\/uploads\/2023\/05\/JP-LLAMAS-logo-2-blanco-e1684324315145.png","contentUrl":"https:\/\/jpllamasmecanizados.com\/wp-content\/uploads\/2023\/05\/JP-LLAMAS-logo-2-blanco-e1684324315145.png","width":1846,"height":461,"caption":"JP LLAMAS MECANIZADOS"},"image":{"@id":"https:\/\/jpllamasmecanizados.com\/#\/schema\/logo\/image\/"}}]}},"_links":{"self":[{"href":"https:\/\/jpllamasmecanizados.com\/en\/wp-json\/wp\/v2\/pages\/654","targetHints":{"allow":["GET"]}}],"collection":[{"href":"https:\/\/jpllamasmecanizados.com\/en\/wp-json\/wp\/v2\/pages"}],"about":[{"href":"https:\/\/jpllamasmecanizados.com\/en\/wp-json\/wp\/v2\/types\/page"}],"author":[{"embeddable":true,"href":"https:\/\/jpllamasmecanizados.com\/en\/wp-json\/wp\/v2\/users\/1"}],"replies":[{"embeddable":true,"href":"https:\/\/jpllamasmecanizados.com\/en\/wp-json\/wp\/v2\/comments?post=654"}],"version-history":[{"count":5,"href":"https:\/\/jpllamasmecanizados.com\/en\/wp-json\/wp\/v2\/pages\/654\/revisions"}],"predecessor-version":[{"id":1672,"href":"https:\/\/jpllamasmecanizados.com\/en\/wp-json\/wp\/v2\/pages\/654\/revisions\/1672"}],"wp:attachment":[{"href":"https:\/\/jpllamasmecanizados.com\/en\/wp-json\/wp\/v2\/media?parent=654"}],"curies":[{"name":"wp","href":"https:\/\/api.w.org\/{rel}","templated":true}]}}