{"id":660,"date":"2023-05-11T03:45:27","date_gmt":"2023-05-11T03:45:27","guid":{"rendered":"https:\/\/jpllamas.spmagency.es\/?page_id=660"},"modified":"2024-04-09T12:54:33","modified_gmt":"2024-04-09T10:54:33","slug":"accesibilidad","status":"publish","type":"page","link":"https:\/\/jpllamasmecanizados.com\/en\/accesibilidad\/","title":{"rendered":"Accessibility"},"content":{"rendered":"<div data-elementor-type=\"wp-page\" data-elementor-id=\"660\" class=\"elementor elementor-660\" data-elementor-post-type=\"page\">\n\t\t\t\t\t\t<section class=\"elementor-section elementor-top-section elementor-element elementor-element-721fb662 elementor-section-boxed elementor-section-height-default elementor-section-height-default\" data-id=\"721fb662\" data-element_type=\"section\" data-e-type=\"section\" data-settings=\"{&quot;background_background&quot;:&quot;classic&quot;,&quot;shape_divider_bottom&quot;:&quot;triangle&quot;,&quot;shape_divider_bottom_negative&quot;:&quot;yes&quot;}\">\n\t\t\t\t\t\t\t<div class=\"elementor-background-overlay\"><\/div>\n\t\t\t\t\t\t<div class=\"elementor-shape elementor-shape-bottom\" aria-hidden=\"true\" data-negative=\"true\">\n\t\t\t<svg xmlns=\"http:\/\/www.w3.org\/2000\/svg\" viewbox=\"0 0 1000 100\" preserveaspectratio=\"none\">\n\t<path class=\"elementor-shape-fill\" d=\"M500.2,94.7L0,0v100h1000V0L500.2,94.7z\"\/>\n<\/svg>\t\t<\/div>\n\t\t\t\t\t<div class=\"elementor-container elementor-column-gap-default\">\n\t\t\t\t\t<div class=\"elementor-column elementor-col-100 elementor-top-column elementor-element elementor-element-639f7f93\" data-id=\"639f7f93\" data-element_type=\"column\" data-e-type=\"column\">\n\t\t\t<div class=\"elementor-widget-wrap elementor-element-populated\">\n\t\t\t\t\t\t<div class=\"elementor-element elementor-element-733c6966 elementor-widget elementor-widget-heading\" data-id=\"733c6966\" data-element_type=\"widget\" data-e-type=\"widget\" data-widget_type=\"heading.default\">\n\t\t\t\t<div class=\"elementor-widget-container\">\n\t\t\t\t\t<h1 class=\"elementor-heading-title elementor-size-default\">Accessibility<\/h1>\t\t\t\t<\/div>\n\t\t\t\t<\/div>\n\t\t\t\t\t<\/div>\n\t\t<\/div>\n\t\t\t\t\t<\/div>\n\t\t<\/section>\n\t\t\t\t<section class=\"elementor-section elementor-top-section elementor-element elementor-element-f1ab89d elementor-section-boxed elementor-section-height-default elementor-section-height-default\" data-id=\"f1ab89d\" data-element_type=\"section\" data-e-type=\"section\">\n\t\t\t\t\t\t<div class=\"elementor-container elementor-column-gap-default\">\n\t\t\t\t\t<div class=\"elementor-column elementor-col-100 elementor-top-column elementor-element elementor-element-abee77a\" data-id=\"abee77a\" data-element_type=\"column\" data-e-type=\"column\">\n\t\t\t<div class=\"elementor-widget-wrap elementor-element-populated\">\n\t\t\t\t\t\t<div class=\"elementor-element elementor-element-cddba8f elementor-widget elementor-widget-text-editor\" data-id=\"cddba8f\" data-element_type=\"widget\" data-e-type=\"widget\" data-widget_type=\"text-editor.default\">\n\t\t\t\t<div class=\"elementor-widget-container\">\n\t\t\t\t\t\t\t\t\t<ol><li><p><b><span data-contrast=\"auto\">Introducci\u00f3n.<\/span><\/b><\/p><p>En nuestra p\u00e1gina web, nos esforzamos por garantizar que todas las personas, independientemente de su situaci\u00f3n o habilidades, puedan acceder a nuestros contenidos y servicios. Creemos que la accesibilidad es un derecho fundamental y una responsabilidad \u00e9tica, y por eso hemos incorporado una serie de caracter\u00edsticas de dise\u00f1o y codificaci\u00f3n que hacen que nuestra p\u00e1gina web sea m\u00e1s accesible y f\u00e1cil de usar.<\/p><ol><li><strong>Directrices<\/strong><\/li><\/ol><p>El 1 de enero del a\u00f1o 2006 entr\u00f3 en vigor la normativa que obliga a las administraciones p\u00fablicas espa\u00f1olas a hacer sus sitios web accesibles a todos los ciudadanos\/as. Para ello, las administraciones deben aplicar las directrices\u00a0<acronym class=\"texto-zoom\" title=\"Web Accesibility Initiative\">WAI<\/acronym>\u00a0(grupo que construye los est\u00e1ndares de accesibilidad) del\u00a0<a class=\"aclink texto-zoom\" href=\"http:\/\/www.w3c.org\/\" target=\"_blank\" rel=\"noopener\" data-insuit-uuid=\"67a7ed8e-8146-43de-8ccc-2def0ef41ad6\">W3C<\/a>, que tiene como objetivo garantizar la accesibilidad de los sitios web de la Administraci\u00f3n P\u00fablica. Conforme a la norma UNE-EN 301 549:2022, se han implementado las medidas necesarias para asegurar la accesibilidad de este sitio web a todas las personas.<\/p><p>Siguiendo las directrices WAI del W3C, hemos implementado una serie de medidas t\u00e9cnicas que permiten a las personas con discapacidad visual, auditiva, motora o cognitiva acceder a nuestros contenidos sin barreras. Entre estas medidas, destacamos la posibilidad de navegar por nuestra p\u00e1gina mediante el teclado, el uso de etiquetas descriptivas para im\u00e1genes, la integraci\u00f3n de subt\u00edtulos y transcripciones en nuestros v\u00eddeos y la utilizaci\u00f3n de un alto contraste y un tama\u00f1o de fuente adaptable.<\/p><p>Esta p\u00e1gina web cumple con la normativa WCAG 2.1 en materia de accesibilidad, que establece las directrices y criterios para garantizar que el contenido web sea accesible a todas las personas, incluyendo aquellas con discapacidad.<\/p><p>Para ello, hemos seguido las pautas y t\u00e9cnicas de la WCAG 2.1 en tres niveles: A, AA y AAA. Estos niveles establecen diferentes requisitos de accesibilidad, desde los m\u00e1s b\u00e1sicos hasta los m\u00e1s avanzados, para garantizar la m\u00e1xima accesibilidad posible.<\/p><p>JP Llamas Mecanizados se compromete a mejorar continuamente la accesibilidad de nuestra p\u00e1gina web y a atender cualquier sugerencia o comentario que los usuarios nos hagan al respecto. Si encuentra alg\u00fan problema de accesibilidad en nuestra p\u00e1gina, no dude en ponerse en contacto con nosotros para que podamos solucionarlo de inmediato.<\/p><\/li><\/ol>\t\t\t\t\t\t\t\t<\/div>\n\t\t\t\t<\/div>\n\t\t\t\t\t<\/div>\n\t\t<\/div>\n\t\t\t\t\t<\/div>\n\t\t<\/section>\n\t\t\t\t<\/div>","protected":false},"excerpt":{"rendered":"<p>Accesibilidad Introducci\u00f3n. En nuestra p\u00e1gina web, nos esforzamos por garantizar que todas las personas, independientemente de su situaci\u00f3n o habilidades, puedan acceder a nuestros contenidos y servicios. Creemos que la accesibilidad es un derecho fundamental y una responsabilidad \u00e9tica, y por eso hemos incorporado una serie de caracter\u00edsticas de dise\u00f1o y codificaci\u00f3n que hacen que [&hellip;]<\/p>\n","protected":false},"author":1,"featured_media":0,"parent":0,"menu_order":0,"comment_status":"closed","ping_status":"closed","template":"elementor_header_footer","meta":{"_monsterinsights_skip_tracking":false,"_monsterinsights_sitenote_active":false,"_monsterinsights_sitenote_note":"","_monsterinsights_sitenote_category":0,"footnotes":""},"class_list":["post-660","page","type-page","status-publish","hentry"],"yoast_head":"<!-- This site is optimized with the Yoast SEO plugin v27.6 - https:\/\/yoast.com\/product\/yoast-seo-wordpress\/ -->\n<title>Accesibilidad | JPLlamas Mecanizado<\/title>\n<meta name=\"description\" content=\"En JP Llamas Mecanizados, nos comprometemos a garantizar la accesibilidad de nuestro sitio web para todos los usuarios.\" \/>\n<meta name=\"robots\" content=\"noindex, follow\" \/>\n<meta property=\"og:locale\" content=\"en_US\" \/>\n<meta property=\"og:type\" content=\"article\" \/>\n<meta property=\"og:title\" content=\"Accesibilidad | JPLlamas Mecanizado\" \/>\n<meta property=\"og:description\" content=\"En JP Llamas Mecanizados, nos comprometemos a garantizar la accesibilidad de nuestro sitio web para todos los usuarios.\" \/>\n<meta property=\"og:url\" content=\"https:\/\/jpllamasmecanizados.com\/en\/accesibilidad\/\" \/>\n<meta property=\"og:site_name\" content=\"JPLlamas Mecanizado\" \/>\n<meta property=\"article:modified_time\" content=\"2024-04-09T10:54:33+00:00\" \/>\n<meta name=\"twitter:card\" content=\"summary_large_image\" \/>\n<meta name=\"twitter:label1\" content=\"Est. reading time\" \/>\n\t<meta name=\"twitter:data1\" content=\"2 minutes\" \/>\n<script type=\"application\/ld+json\" class=\"yoast-schema-graph\">{\"@context\":\"https:\\\/\\\/schema.org\",\"@graph\":[{\"@type\":\"WebPage\",\"@id\":\"https:\\\/\\\/jpllamasmecanizados.com\\\/accesibilidad\\\/\",\"url\":\"https:\\\/\\\/jpllamasmecanizados.com\\\/accesibilidad\\\/\",\"name\":\"Accesibilidad | JPLlamas Mecanizado\",\"isPartOf\":{\"@id\":\"https:\\\/\\\/jpllamasmecanizados.com\\\/#website\"},\"datePublished\":\"2023-05-11T03:45:27+00:00\",\"dateModified\":\"2024-04-09T10:54:33+00:00\",\"description\":\"En JP Llamas Mecanizados, nos comprometemos a garantizar la accesibilidad de nuestro sitio web para todos los usuarios.\",\"breadcrumb\":{\"@id\":\"https:\\\/\\\/jpllamasmecanizados.com\\\/accesibilidad\\\/#breadcrumb\"},\"inLanguage\":\"en-US\",\"potentialAction\":[{\"@type\":\"ReadAction\",\"target\":[\"https:\\\/\\\/jpllamasmecanizados.com\\\/accesibilidad\\\/\"]}]},{\"@type\":\"BreadcrumbList\",\"@id\":\"https:\\\/\\\/jpllamasmecanizados.com\\\/accesibilidad\\\/#breadcrumb\",\"itemListElement\":[{\"@type\":\"ListItem\",\"position\":1,\"name\":\"Portada\",\"item\":\"https:\\\/\\\/jpllamasmecanizados.com\\\/\"},{\"@type\":\"ListItem\",\"position\":2,\"name\":\"Accesibilidad\"}]},{\"@type\":\"WebSite\",\"@id\":\"https:\\\/\\\/jpllamasmecanizados.com\\\/#website\",\"url\":\"https:\\\/\\\/jpllamasmecanizados.com\\\/\",\"name\":\"JP LLAMAS MECANIZADOS\",\"description\":\"Construcci\u00f3n y Reparaci\u00f3n de Piezas\",\"publisher\":{\"@id\":\"https:\\\/\\\/jpllamasmecanizados.com\\\/#organization\"},\"potentialAction\":[{\"@type\":\"SearchAction\",\"target\":{\"@type\":\"EntryPoint\",\"urlTemplate\":\"https:\\\/\\\/jpllamasmecanizados.com\\\/?s={search_term_string}\"},\"query-input\":{\"@type\":\"PropertyValueSpecification\",\"valueRequired\":true,\"valueName\":\"search_term_string\"}}],\"inLanguage\":\"en-US\"},{\"@type\":\"Organization\",\"@id\":\"https:\\\/\\\/jpllamasmecanizados.com\\\/#organization\",\"name\":\"JP LLAMAS MECANIZADOS\",\"url\":\"https:\\\/\\\/jpllamasmecanizados.com\\\/\",\"logo\":{\"@type\":\"ImageObject\",\"inLanguage\":\"en-US\",\"@id\":\"https:\\\/\\\/jpllamasmecanizados.com\\\/#\\\/schema\\\/logo\\\/image\\\/\",\"url\":\"https:\\\/\\\/jpllamasmecanizados.com\\\/wp-content\\\/uploads\\\/2023\\\/05\\\/JP-LLAMAS-logo-2-blanco-e1684324315145.png\",\"contentUrl\":\"https:\\\/\\\/jpllamasmecanizados.com\\\/wp-content\\\/uploads\\\/2023\\\/05\\\/JP-LLAMAS-logo-2-blanco-e1684324315145.png\",\"width\":1846,\"height\":461,\"caption\":\"JP LLAMAS MECANIZADOS\"},\"image\":{\"@id\":\"https:\\\/\\\/jpllamasmecanizados.com\\\/#\\\/schema\\\/logo\\\/image\\\/\"}}]}<\/script>\n<!-- \/ Yoast SEO plugin. -->","yoast_head_json":{"title":"Accesibilidad | JPLlamas Mecanizado","description":"En JP Llamas Mecanizados, nos comprometemos a garantizar la accesibilidad de nuestro sitio web para todos los usuarios.","robots":{"index":"noindex","follow":"follow"},"og_locale":"en_US","og_type":"article","og_title":"Accesibilidad | JPLlamas Mecanizado","og_description":"En JP Llamas Mecanizados, nos comprometemos a garantizar la accesibilidad de nuestro sitio web para todos los usuarios.","og_url":"https:\/\/jpllamasmecanizados.com\/en\/accesibilidad\/","og_site_name":"JPLlamas Mecanizado","article_modified_time":"2024-04-09T10:54:33+00:00","twitter_card":"summary_large_image","twitter_misc":{"Est. reading time":"2 minutes"},"schema":{"@context":"https:\/\/schema.org","@graph":[{"@type":"WebPage","@id":"https:\/\/jpllamasmecanizados.com\/accesibilidad\/","url":"https:\/\/jpllamasmecanizados.com\/accesibilidad\/","name":"Accesibilidad | JPLlamas Mecanizado","isPartOf":{"@id":"https:\/\/jpllamasmecanizados.com\/#website"},"datePublished":"2023-05-11T03:45:27+00:00","dateModified":"2024-04-09T10:54:33+00:00","description":"En JP Llamas Mecanizados, nos comprometemos a garantizar la accesibilidad de nuestro sitio web para todos los usuarios.","breadcrumb":{"@id":"https:\/\/jpllamasmecanizados.com\/accesibilidad\/#breadcrumb"},"inLanguage":"en-US","potentialAction":[{"@type":"ReadAction","target":["https:\/\/jpllamasmecanizados.com\/accesibilidad\/"]}]},{"@type":"BreadcrumbList","@id":"https:\/\/jpllamasmecanizados.com\/accesibilidad\/#breadcrumb","itemListElement":[{"@type":"ListItem","position":1,"name":"Portada","item":"https:\/\/jpllamasmecanizados.com\/"},{"@type":"ListItem","position":2,"name":"Accesibilidad"}]},{"@type":"WebSite","@id":"https:\/\/jpllamasmecanizados.com\/#website","url":"https:\/\/jpllamasmecanizados.com\/","name":"JP FLAMES MACHINED","description":"Construcci\u00f3n y Reparaci\u00f3n de Piezas","publisher":{"@id":"https:\/\/jpllamasmecanizados.com\/#organization"},"potentialAction":[{"@type":"SearchAction","target":{"@type":"EntryPoint","urlTemplate":"https:\/\/jpllamasmecanizados.com\/?s={search_term_string}"},"query-input":{"@type":"PropertyValueSpecification","valueRequired":true,"valueName":"search_term_string"}}],"inLanguage":"en-US"},{"@type":"Organization","@id":"https:\/\/jpllamasmecanizados.com\/#organization","name":"JP FLAMES MACHINED","url":"https:\/\/jpllamasmecanizados.com\/","logo":{"@type":"ImageObject","inLanguage":"en-US","@id":"https:\/\/jpllamasmecanizados.com\/#\/schema\/logo\/image\/","url":"https:\/\/jpllamasmecanizados.com\/wp-content\/uploads\/2023\/05\/JP-LLAMAS-logo-2-blanco-e1684324315145.png","contentUrl":"https:\/\/jpllamasmecanizados.com\/wp-content\/uploads\/2023\/05\/JP-LLAMAS-logo-2-blanco-e1684324315145.png","width":1846,"height":461,"caption":"JP LLAMAS MECANIZADOS"},"image":{"@id":"https:\/\/jpllamasmecanizados.com\/#\/schema\/logo\/image\/"}}]}},"_links":{"self":[{"href":"https:\/\/jpllamasmecanizados.com\/en\/wp-json\/wp\/v2\/pages\/660","targetHints":{"allow":["GET"]}}],"collection":[{"href":"https:\/\/jpllamasmecanizados.com\/en\/wp-json\/wp\/v2\/pages"}],"about":[{"href":"https:\/\/jpllamasmecanizados.com\/en\/wp-json\/wp\/v2\/types\/page"}],"author":[{"embeddable":true,"href":"https:\/\/jpllamasmecanizados.com\/en\/wp-json\/wp\/v2\/users\/1"}],"replies":[{"embeddable":true,"href":"https:\/\/jpllamasmecanizados.com\/en\/wp-json\/wp\/v2\/comments?post=660"}],"version-history":[{"count":11,"href":"https:\/\/jpllamasmecanizados.com\/en\/wp-json\/wp\/v2\/pages\/660\/revisions"}],"predecessor-version":[{"id":1688,"href":"https:\/\/jpllamasmecanizados.com\/en\/wp-json\/wp\/v2\/pages\/660\/revisions\/1688"}],"wp:attachment":[{"href":"https:\/\/jpllamasmecanizados.com\/en\/wp-json\/wp\/v2\/media?parent=660"}],"curies":[{"name":"wp","href":"https:\/\/api.w.org\/{rel}","templated":true}]}}